{"id":25,"date":"2011-09-13T13:23:39","date_gmt":"2011-09-13T12:23:39","guid":{"rendered":"http:\/\/www.lesfouleescernaysiennes.fr\/?page_id=25"},"modified":"2026-03-25T09:03:48","modified_gmt":"2026-03-25T08:03:48","slug":"resultats","status":"publish","type":"page","link":"https:\/\/www.lesfouleescernaysiennes.fr\/?page_id=25","title":{"rendered":"R\u00e9sultats &#038; Photos"},"content":{"rendered":"\n<p><\/p>\n\n\n<div class=\"style-233 style-local-25-c1 position-relative\" data-colibri-id=\"25-c1\">\n<div id=\"resultat\" class=\"h-section h-section-global-spacing d-flex align-items-lg-center align-items-md-center align-items-center style-238 style-local-25-c2 position-relative\" data-colibri-component=\"section\" data-colibri-id=\"25-c2\">\n<div class=\"h-section-grid-container h-section-boxed-container\">\n<div class=\"h-row-container gutters-row-lg-2 gutters-row-md-2 gutters-row-0 gutters-row-v-lg-2 gutters-row-v-md-2 gutters-row-v-2 style-332 style-local-25-c42 position-relative\" data-colibri-id=\"25-c42\">\n<div class=\"h-row justify-content-lg-center justify-content-md-center justify-content-center align-items-lg-stretch align-items-md-stretch align-items-stretch gutters-col-lg-2 gutters-col-md-2 gutters-col-0 gutters-col-v-lg-2 gutters-col-v-md-2 gutters-col-v-2\">\n<div class=\"h-column h-column-container d-flex h-col-lg-auto h-col-md-auto h-col-auto style-333-outer style-local-25-c43-outer\">\n<div class=\"d-flex h-flex-basis h-column__inner h-px-lg-2 h-px-md-2 h-px-2 v-inner-lg-2 v-inner-md-2 v-inner-2 style-333 style-local-25-c43 position-relative\" data-colibri-id=\"25-c43\">\n<div class=\"w-100 h-y-container h-column__content h-column__v-align flex-basis-100 align-self-lg-start align-self-md-start align-self-start\">\n<div class=\"h-x-container style-334 style-local-25-c44 position-relative h-element\" data-colibri-id=\"25-c44\">\n<h1 style=\"text-align: center;\">Edition 2025<\/h1>\n<p><a href=\"https:\/\/glive.oxybol.fr\/public\/g-live.html?f=..\/oxybol\/lfc\/2025\/foulees_cernaysiennes.clax\">R\u00e9sultats 2025<\/a><\/p>\n<p><a href=\"https:\/\/photos.app.goo.gl\/ZJFX1fDWGx2TWmTHA\">Notre s\u00e9lection Photo 2025<\/a><\/p>\n<p><a href=\"https:\/\/photos.app.goo.gl\/sgrddPEsvdGQ61S39\">L&#8217;ensemble des Photos 2025<\/a><\/p>\n<p><a href=\"https:\/\/youtu.be\/yHMnWhxmeNc?si=6OSS1Yseka6rMP87\">La vid\u00e9o 2025<\/a><\/p>\n<p>Lien vers le site de notre photographe :<\/p>\n<ul>\n<li><a href=\"https:\/\/www.app.sportpxl.com\/photographs\/fabien-traisnel\/albums\/2406?ak=a42b9f1a0dbc58f6b8d18e7b7bdc2ea05d8ba340\">La course adulte<\/a><\/li>\n<li><a href=\"https:\/\/www.app.sportpxl.com\/photographs\/fabien-traisnel\/albums\/2511?ak=ea15dc2d2d7bdfd4d886b665c1b18afbee39873a\">La course enfant<\/a><\/li>\n<\/ul>\n<p style=\"text-align: center;\">&#8212;&#8212;&#8212;&#8212;&#8212;&#8212;&#8212;&#8211;<\/p>\n<h1 style=\"text-align: center;\">Edition 2024<\/h1>\n<p><a href=\"https:\/\/glive.oxybol.fr\/public\/g-live.html?f=..\/oxybol\/lfc\/2024\/TrailDesFouleesCernaysiennes.clax\">R\u00e9sultats 2024<\/a><\/p>\n<p><a href=\"https:\/\/photos.app.goo.gl\/uhppVknN5UwzRMa16\">Photos 2024<\/a><\/p>\n<p style=\"text-align: center;\">&nbsp;<\/p>\n<h1 style=\"text-align: center;\">Edition 2023<\/h1>\n<div class=\"h-x-container-inner style-dynamic-25-c44-group style-334-spacing style-local-25-c44-spacing\"><span class=\"h-link__outer style-335-outer style-local-25-c45-outer d-inline-flex h-element\"><a class=\"d-flex w-100 align-items-center h-link style-335 style-local-25-c45 position-relative\" href=\"https:\/\/photos.app.goo.gl\/SSUCEnornVPgoQyU8\" target=\"_blank\" rel=\"noopener\" data-colibri-id=\"25-c45\">Photos 2023 !<\/a><\/span><\/div>\n<\/div>\n<div>&nbsp;<\/div>\n<div><a href=\"https:\/\/photos.app.goo.gl\/jTacFba6znRZvjjN9\">Films 2023<\/a><\/div>\n<div class=\"h-x-container style-334 style-local-25-c44 position-relative h-element\" data-colibri-id=\"25-c44\">\n<div>&nbsp;<\/div>\n<\/div>\n<\/div>\n<\/div>\n<\/div>\n<\/div>\n<\/div>\n<div class=\"h-row-container gutters-row-lg-2 gutters-row-md-2 gutters-row-0 gutters-row-v-lg-2 gutters-row-v-md-2 gutters-row-v-2 style-340 style-local-25-c50 position-relative\" data-colibri-id=\"25-c50\">\n<div class=\"h-row justify-content-lg-center justify-content-md-center justify-content-center align-items-lg-stretch align-items-md-stretch align-items-stretch gutters-col-lg-2 gutters-col-md-2 gutters-col-0 gutters-col-v-lg-2 gutters-col-v-md-2 gutters-col-v-2\">\n<div class=\"h-column h-column-container d-flex h-col-lg-auto h-col-md-auto h-col-auto style-341-outer style-local-25-c51-outer\">\n<div class=\"d-flex h-flex-basis h-column__inner h-px-lg-2 h-px-md-2 h-px-2 v-inner-lg-2 v-inner-md-2 v-inner-2 style-341 style-local-25-c51 position-relative\" data-colibri-id=\"25-c51\">\n<div class=\"w-100 h-y-container h-column__content h-column__v-align flex-basis-100 align-self-lg-start align-self-md-start align-self-start\">\n<div class=\"h-x-container style-342 style-local-25-c52 position-relative h-element\" data-colibri-id=\"25-c52\">\n<div class=\"h-x-container-inner style-dynamic-25-c52-group style-342-spacing style-local-25-c52-spacing\"><span class=\"h-link__outer style-343-outer style-local-25-c53-outer d-inline-flex h-element\"><a class=\"d-flex w-100 align-items-center h-link style-343 style-local-25-c53 position-relative\" href=\"https:\/\/glive.oxybol.fr\/public\/g-live.html?f=..\/oxybol\/lfc\/2023\/Trail_des_foulees_cernaysiennes.clax\" target=\"_blank\" rel=\"noopener\" data-colibri-id=\"25-c53\"><span class=\"h-svg-icon h-link__icon style-343-icon style-local-25-c53-icon\"><!--Icon by Font Awesome (https:\/\/fontawesome.com)--><\/span> R\u00e9sultat 2023 !<\/a><br><\/span><\/div>\n<p>&nbsp;<\/p>\n<\/div>\n<\/div>\n<\/div>\n<\/div>\n<\/div>\n<\/div>\n<div class=\"h-row-container gutters-row-lg-2 gutters-row-md-2 gutters-row-0 gutters-row-v-lg-2 gutters-row-v-md-2 gutters-row-v-2 style-239 style-local-25-c6 position-relative\" data-colibri-id=\"25-c6\">\n<div class=\"h-row justify-content-lg-center justify-content-md-center justify-content-center align-items-lg-stretch align-items-md-stretch align-items-stretch gutters-col-lg-2 gutters-col-md-2 gutters-col-0 gutters-col-v-lg-2 gutters-col-v-md-2 gutters-col-v-2\">\n<div class=\"h-column h-column-container d-flex h-col-lg-6 h-col-md-6 h-col-12 style-240-outer style-local-25-c7-outer\">\n<div class=\"d-flex h-flex-basis h-column__inner h-px-lg-2 h-px-md-2 h-px-2 v-inner-lg-2 v-inner-md-2 v-inner-2 style-240 style-local-25-c7 position-relative\" data-colibri-id=\"25-c7\">\n<div class=\"w-100 h-y-container h-column__content h-column__v-align flex-basis-100 align-self-lg-start align-self-md-start align-self-start\">\n<div class=\"h-global-transition-all h-heading style-254 style-local-25-c8 position-relative h-element\" data-colibri-id=\"25-c8\">\n<div class=\"h-heading__outer style-254 style-local-25-c8\">\n<h1 style=\"text-align: center;\">Edition 2022<\/h1>\n<\/div>\n<\/div>\n<\/div>\n<\/div>\n<\/div>\n<div class=\"h-column h-column-container d-flex h-col-lg-6 h-col-md-6 h-col-12 style-241-outer style-local-25-c9-outer\">\n<div class=\"d-flex h-flex-basis h-column__inner h-px-lg-2 h-px-md-2 h-px-2 v-inner-lg-2 v-inner-md-2 v-inner-2 style-241 style-local-25-c9 position-relative\" data-colibri-id=\"25-c9\">\n<div class=\"w-100 h-y-container h-column__content h-column__v-align flex-basis-100 align-self-lg-start align-self-md-start align-self-start\">\n<div class=\"h-text h-text-component style-310 style-local-25-c10 position-relative h-element\" data-colibri-id=\"25-c10\">\n<p><a href=\"https:\/\/www.oxybol.fr\/detail-de-la-course\/lesfouleescernaysiennes-2022-2022-1509\" target=\"_blank\" rel=\"noopener\">Les r\u00e9sultats<\/a><\/p>\n<\/div>\n<div class=\"h-x-container style-300 style-local-25-c11 position-relative h-element\" data-colibri-id=\"25-c11\">\n<div class=\"h-column h-column-container d-flex h-col-lg-6 h-col-md-6 h-col-12 style-240-outer style-local-25-c7-outer\">\n<div class=\"d-flex h-flex-basis h-column__inner h-px-lg-2 h-px-md-2 h-px-2 v-inner-lg-2 v-inner-md-2 v-inner-2 style-240 style-local-25-c7 position-relative\" data-colibri-id=\"25-c7\">\n<div class=\"w-100 h-y-container h-column__content h-column__v-align flex-basis-100 align-self-lg-start align-self-md-start align-self-start\">\n<div class=\"h-global-transition-all h-heading style-254 style-local-25-c8 position-relative h-element\" data-colibri-id=\"25-c8\">\n<div class=\"h-heading__outer style-254 style-local-25-c8\">\n<h1 style=\"text-align: center;\">Edition 2019<\/h1>\n<\/div>\n<\/div>\n<\/div>\n<\/div>\n<\/div>\n<div class=\"h-column h-column-container d-flex h-col-lg-6 h-col-md-6 h-col-12 style-241-outer style-local-25-c9-outer\">\n<div class=\"d-flex h-flex-basis h-column__inner h-px-lg-2 h-px-md-2 h-px-2 v-inner-lg-2 v-inner-md-2 v-inner-2 style-241 style-local-25-c9 position-relative\" data-colibri-id=\"25-c9\">\n<div class=\"w-100 h-y-container h-column__content h-column__v-align flex-basis-100 align-self-lg-start align-self-md-start align-self-start\">\n<div class=\"h-text h-text-component style-310 style-local-25-c10 position-relative h-element\" data-colibri-id=\"25-c10\">\n<p><a href=\"https:\/\/www.oxybol.fr\/detail-de-la-course\/crs_id\/898\" target=\"_blank\" rel=\"noopener\">R\u00e9sultat 20Km<\/a><\/p>\n<\/div>\n<\/div>\n<\/div>\n<\/div>\n<\/div>\n<div class=\"h-text h-text-component style-309 style-local-25-c13 position-relative h-element\" data-colibri-id=\"25-c13\">\n<div class=\"\">\n<div class=\"h-x-container style-300 style-local-25-c11 position-relative h-element\" data-colibri-id=\"25-c11\">\n<div class=\"h-column h-column-container d-flex h-col-lg-6 h-col-md-6 h-col-12 style-241-outer style-local-25-c9-outer\">\n<div class=\"d-flex h-flex-basis h-column__inner h-px-lg-2 h-px-md-2 h-px-2 v-inner-lg-2 v-inner-md-2 v-inner-2 style-241 style-local-25-c9 position-relative\" data-colibri-id=\"25-c9\">\n<div class=\"w-100 h-y-container h-column__content h-column__v-align flex-basis-100 align-self-lg-start align-self-md-start align-self-start\">\n<div class=\"h-text h-text-component style-310 style-local-25-c10 position-relative h-element\" data-colibri-id=\"25-c10\">\n<p><a href=\"https:\/\/www.oxybol.fr\/detail-de-la-course\/crs_id\/897\" target=\"_blank\" rel=\"noopener\">R\u00e9sultat 10Km<\/a><\/p>\n<\/div>\n<\/div>\n<\/div>\n<\/div>\n<\/div>\n<div class=\"h-text h-text-component style-309 style-local-25-c13 position-relative h-element\" data-colibri-id=\"25-c13\">\n<div class=\"\">\n<p>&nbsp;<\/p>\n<\/div>\n<\/div>\n<\/div>\n<p>&nbsp;<\/p>\n<\/div>\n<p>&nbsp;<\/p>\n<\/div>\n<p>&nbsp;<\/p>\n<\/div>\n<p>&nbsp;<\/p>\n<\/div>\n<p>&nbsp;<\/p>\n<\/div>\n<p>&nbsp;<\/p>\n<\/div>\n<p>&nbsp;<\/p>\n<\/div>\n<p>&nbsp;<\/p>\n<\/div>\n<div id=\"photos\" class=\"h-section h-section-global-spacing d-flex align-items-lg-center align-items-md-center align-items-center style-246 style-local-25-c18 position-relative\" data-colibri-component=\"section\" data-colibri-id=\"25-c18\">&nbsp;&nbsp;\n<div class=\"h-section-grid-container h-section-boxed-container\">\n<p>&nbsp;<\/p>\n<div class=\"h-row-container gutters-row-lg-2 gutters-row-md-2 gutters-row-0 gutters-row-v-lg-2 gutters-row-v-md-2 gutters-row-v-2 style-247 style-local-25-c19 position-relative\" data-colibri-id=\"25-c19\">\n<p>&nbsp;<\/p>\n<div class=\"h-row justify-content-lg-center justify-content-md-center justify-content-center align-items-lg-stretch align-items-md-stretch align-items-stretch gutters-col-lg-2 gutters-col-md-2 gutters-col-0 gutters-col-v-lg-2 gutters-col-v-md-2 gutters-col-v-2\">\n<p>&nbsp;<\/p>\n<div class=\"h-column h-column-container d-flex h-col-lg-6 h-col-md-6 h-col-12 style-248-outer style-local-25-c20-outer\">\n<div class=\"d-flex h-flex-basis h-column__inner h-px-lg-2 h-px-md-2 h-px-2 v-inner-lg-2 v-inner-md-2 v-inner-2 style-248 style-local-25-c20 position-relative\" data-colibri-id=\"25-c20\">&nbsp;&nbsp;\n<div class=\"w-100 h-y-container h-column__content h-column__v-align flex-basis-100 align-self-lg-start align-self-md-start align-self-start\">\n<p>&nbsp;<\/p>\n<div class=\"h-global-transition-all h-heading style-256 style-local-25-c21 position-relative h-element\" data-colibri-id=\"25-c21\">\n<p>&nbsp;<\/p>\n<div class=\"h-heading__outer style-256 style-local-25-c21\">&nbsp;&nbsp;\n<h1 class=\"\">Photos et vid\u00e9os !<\/h1>\n<p>&nbsp;<\/p>\n<\/div>\n<p>&nbsp;<\/p>\n<\/div>\n<p>&nbsp;<\/p>\n<\/div>\n<p>&nbsp;<\/p>\n<\/div>\n<p>&nbsp;<\/p>\n<\/div>\n<div class=\"h-column h-column-container d-flex h-col-lg-6 h-col-md-6 h-col-12 style-249-outer style-local-25-c22-outer\">\n<div class=\"d-flex h-flex-basis h-column__inner h-px-lg-2 h-px-md-2 h-px-2 v-inner-lg-2 v-inner-md-2 v-inner-2 style-249 style-local-25-c22 position-relative\" data-colibri-id=\"25-c22\">&nbsp;&nbsp;\n<div class=\"w-100 h-y-container h-column__content h-column__v-align flex-basis-100 align-self-lg-start align-self-md-start align-self-start\">\n<p>&nbsp;<\/p>\n<div class=\"h-text h-text-component style-311 style-local-25-c23 position-relative h-element\" data-colibri-id=\"25-c23\">&nbsp;&nbsp;\n<div class=\"\">\n<p>Tout est disponible via les liens ci-dessous :<\/p>\n<p>&nbsp;<\/p>\n<\/div>\n<p>&nbsp;<\/p>\n<\/div>\n<div class=\"h-x-container style-312 style-local-25-c24 position-relative h-element\" data-colibri-id=\"25-c24\">\n<p>&nbsp;<\/p>\n<div class=\"h-x-container-inner style-dynamic-25-c24-group style-312-spacing style-local-25-c24-spacing\"><span class=\"h-link__outer style-313-outer style-local-25-c25-outer d-inline-flex h-element\"><a class=\"d-flex w-100 align-items-center h-link style-313 style-local-25-c25 position-relative\" href=\"https:\/\/photos.app.goo.gl\/rFjsnCNMuT9PWTxt8\" data-colibri-id=\"25-c25\"><span class=\"h-svg-icon h-link__icon style-313-icon style-local-25-c25-icon\"><!--Icon by Font Awesome (https:\/\/fontawesome.com)--><br><\/span> Les Photos<\/a><br><\/span><\/div>\n<p>&nbsp;<\/p>\n<\/div>\n<div class=\"h-x-container style-315 style-local-25-c26 position-relative h-element\" data-colibri-id=\"25-c26\">\n<p>&nbsp;<\/p>\n<div class=\"h-x-container-inner style-dynamic-25-c26-group style-315-spacing style-local-25-c26-spacing\"><span class=\"h-link__outer style-316-outer style-local-25-c27-outer d-inline-flex h-element\"><a class=\"d-flex w-100 align-items-center h-link style-316 style-local-25-c27 position-relative\" href=\"https:\/\/photos.app.goo.gl\/dufeQ3Tm8YgAGSjR7\" data-colibri-id=\"25-c27\"><span class=\"h-svg-icon h-link__icon style-316-icon style-local-25-c27-icon\"><!--Icon by Font Awesome (https:\/\/fontawesome.com)--><br><\/span> Les vid\u00e9os de cette ann\u00e9e<\/a><br><\/span><\/div>\n<p>&nbsp;<\/p>\n<\/div>\n<div class=\"h-text h-text-component style-257 style-local-25-c28 position-relative h-element\" data-colibri-id=\"25-c28\">&nbsp;&nbsp;\n<div class=\"\">\n<p><strong>2019 : <\/strong>Les Photos de l\u2019\u00e9dition 2019 sont<br><a class=\"customize-unpreviewable\" href=\"https:\/\/photos.app.goo.gl\/U4hXEGHWkDgmCg9m9\">disponibles ici<\/a><\/p>\n<p><strong>2018 et avant : <\/strong>Retrouvez toutes les photos des Foul\u00e9es Cernaysiennes dans la<br><a class=\"customize-unpreviewable\" href=\"http:\/\/photos.lesfouleescernaysiennes.fr\">galerie de photos<\/a>.<\/p>\n<p>&nbsp;<\/p>\n<\/div>\n<p>&nbsp;<\/p>\n<\/div>\n<p>&nbsp;<\/p>\n<\/div>\n<p>&nbsp;<\/p>\n<\/div>\n<p>&nbsp;<\/p>\n<\/div>\n<p>&nbsp;<\/p>\n<\/div>\n<p>&nbsp;<\/p>\n<\/div>\n<p>&nbsp;<\/p>\n<\/div>\n<p>&nbsp;<\/p>\n<\/div>\n<div id=\"custom\" class=\"h-section h-section-global-spacing d-flex align-items-lg-center align-items-md-center align-items-center style-258 style-local-25-c33 position-relative\" data-colibri-component=\"section\" data-colibri-id=\"25-c33\">&nbsp;&nbsp;\n<div class=\"h-section-grid-container h-section-boxed-container\">\n<p>&nbsp;<\/p>\n<div class=\"h-row-container gutters-row-lg-2 gutters-row-md-2 gutters-row-0 gutters-row-v-lg-2 gutters-row-v-md-2 gutters-row-v-2 style-259 style-local-25-c34 position-relative\" data-colibri-id=\"25-c34\">\n<p>&nbsp;<\/p>\n<div class=\"h-row justify-content-lg-center justify-content-md-center justify-content-center align-items-lg-stretch align-items-md-stretch align-items-stretch gutters-col-lg-2 gutters-col-md-2 gutters-col-0 gutters-col-v-lg-2 gutters-col-v-md-2 gutters-col-v-2\">\n<p>&nbsp;<\/p>\n<div class=\"h-column h-column-container d-flex h-col-lg-6 h-col-md-6 h-col-12 style-260-outer style-local-25-c35-outer\">\n<div class=\"d-flex h-flex-basis h-column__inner h-px-lg-2 h-px-md-2 h-px-2 v-inner-lg-2 v-inner-md-2 v-inner-2 style-260 style-local-25-c35 position-relative\" data-colibri-id=\"25-c35\">&nbsp;&nbsp;\n<div class=\"w-100 h-y-container h-column__content h-column__v-align flex-basis-100 align-self-lg-start align-self-md-start align-self-start\">\n<p>&nbsp;<\/p>\n<div class=\"h-global-transition-all h-heading style-264 style-local-25-c36 position-relative h-element\" data-colibri-id=\"25-c36\">\n<p>&nbsp;<\/p>\n<div class=\"h-heading__outer style-264 style-local-25-c36\">&nbsp;&nbsp;\n<h1 class=\"\">Anciens r\u00e9sultats<\/h1>\n<p>&nbsp;<\/p>\n<\/div>\n<p>&nbsp;<\/p>\n<\/div>\n<p>&nbsp;<\/p>\n<\/div>\n<p>&nbsp;<\/p>\n<\/div>\n<p>&nbsp;<\/p>\n<\/div>\n<div class=\"h-column h-column-container d-flex h-col-lg-6 h-col-md-6 h-col-12 style-261-outer style-local-25-c37-outer\">\n<div class=\"d-flex h-flex-basis h-column__inner h-px-lg-2 h-px-md-2 h-px-2 v-inner-lg-2 v-inner-md-2 v-inner-2 style-261 style-local-25-c37 position-relative\" data-colibri-id=\"25-c37\">&nbsp;&nbsp;\n<div class=\"w-100 h-y-container h-column__content h-column__v-align flex-basis-100 align-self-lg-start align-self-md-start align-self-start\">\n<p>&nbsp;<\/p>\n<div class=\"h-text h-text-component style-265 style-local-25-c38 position-relative h-element\" data-colibri-id=\"25-c38\">&nbsp;&nbsp;\n<div class=\"\">\n<p><a href=\"https:\/\/www.oxybol.fr\/detail-de-la-course\/crs_id\/570\">R\u00e9sultat trail du 03\/06\/2018 \u2013 10Km<\/a><\/p>\n<p><a href=\"https:\/\/www.oxybol.fr\/detail-de-la-course\/crs_id\/570\">R\u00e9sultat trail du 03\/06\/2018 \u2013 <\/a><br><a href=\"https:\/\/www.oxybol.fr\/detail-de-la-course\/crs_id\/571\">20Km<\/a><\/p>\n<p>R\u00e9sultat trail du<br><a href=\"https:\/\/www.lesfouleescernaysiennes.fr\/wp-content\/uploads\/2017\/06\/CLASSEMENT-GENERAL-185-KM-TRAIL-DES-FOULEES-CERNAYSIENNES-2017-1.pdf\">11\/06\/2017<\/a><\/p>\n<p>R\u00e9sultat trail du<br><a href=\"https:\/\/www.lesfouleescernaysiennes.fr\/wp-content\/uploads\/2016\/05\/RESULTATS-SCRATCH-LES-FOULEES-CERNAYSIENNES-2016.pdf\">29 mai<\/a><br><a href=\"https:\/\/www.lesfouleescernaysiennes.fr\/wp-content\/uploads\/2016\/05\/RESULTATS-SCRATCH-LES-FOULEES-CERNAYSIENNES-2016.pdf\">2016<\/a><\/p>\n<p>&nbsp;<\/p>\n<\/div>\n<p>&nbsp;<\/p>\n<\/div>\n<p>&nbsp;<\/p>\n<\/div>\n<p>&nbsp;<\/p>\n<\/div>\n<p>&nbsp;<\/p>\n<\/div>\n<p>&nbsp;<\/p>\n<\/div>\n<p>&nbsp;<\/p>\n<\/div>\n<p>&nbsp;<\/p>\n<\/div>\n<p>&nbsp;<\/p>\n<\/div>\n<\/div>","protected":false},"excerpt":{"rendered":"<p>Edition 2025 R\u00e9sultats 2025 Notre s\u00e9lection Photo 2025 L&#8217;ensemble des Photos 2025 La vid\u00e9o 2025 Lien vers le site de notre photographe : La course adulte La course enfant &#8212;&#8212;&#8212;&#8212;&#8212;&#8212;&#8212;&#8211; Edition 2024 R\u00e9sultats 2024 Photos 2024 &nbsp; Edition 2023 Photos 2023 ! &nbsp; Films 2023 &nbsp; R\u00e9sultat 2023 ! &nbsp; Edition 2022 Les r\u00e9sultats Edition &hellip; <\/p>\n<p class=\"link-more\"><a href=\"https:\/\/www.lesfouleescernaysiennes.fr\/?page_id=25\" class=\"more-link\">Continuer la lecture<span class=\"screen-reader-text\"> de &laquo;&nbsp;R\u00e9sultats &#038; Photos&nbsp;&raquo;<\/span><\/a><\/p>\n","protected":false},"author":1,"featured_media":0,"parent":0,"menu_order":6,"comment_status":"closed","ping_status":"closed","template":"page-templates\/full-width-page.php","meta":{"_monsterinsights_skip_tracking":false,"_monsterinsights_sitenote_active":false,"_monsterinsights_sitenote_note":"","_monsterinsights_sitenote_category":0,"ngg_post_thumbnail":0,"footnotes":""},"class_list":["post-25","page","type-page","status-publish","hentry"],"_links":{"self":[{"href":"https:\/\/www.lesfouleescernaysiennes.fr\/index.php?rest_route=\/wp\/v2\/pages\/25","targetHints":{"allow":["GET"]}}],"collection":[{"href":"https:\/\/www.lesfouleescernaysiennes.fr\/index.php?rest_route=\/wp\/v2\/pages"}],"about":[{"href":"https:\/\/www.lesfouleescernaysiennes.fr\/index.php?rest_route=\/wp\/v2\/types\/page"}],"author":[{"embeddable":true,"href":"https:\/\/www.lesfouleescernaysiennes.fr\/index.php?rest_route=\/wp\/v2\/users\/1"}],"replies":[{"embeddable":true,"href":"https:\/\/www.lesfouleescernaysiennes.fr\/index.php?rest_route=%2Fwp%2Fv2%2Fcomments&post=25"}],"version-history":[{"count":29,"href":"https:\/\/www.lesfouleescernaysiennes.fr\/index.php?rest_route=\/wp\/v2\/pages\/25\/revisions"}],"predecessor-version":[{"id":3607,"href":"https:\/\/www.lesfouleescernaysiennes.fr\/index.php?rest_route=\/wp\/v2\/pages\/25\/revisions\/3607"}],"wp:attachment":[{"href":"https:\/\/www.lesfouleescernaysiennes.fr\/index.php?rest_route=%2Fwp%2Fv2%2Fmedia&parent=25"}],"curies":[{"name":"wp","href":"https:\/\/api.w.org\/{rel}","templated":true}]}}