{"id":2376,"date":"2017-05-18T17:57:59","date_gmt":"2017-05-18T16:57:59","guid":{"rendered":"http:\/\/www.lesfouleescernaysiennes.fr\/?page_id=2376"},"modified":"2025-12-13T11:36:21","modified_gmt":"2025-12-13T10:36:21","slug":"infos-pratiques","status":"publish","type":"page","link":"https:\/\/www.lesfouleescernaysiennes.fr\/?page_id=2376","title":{"rendered":"Infos pratiques"},"content":{"rendered":"<div class=\"style-178 style-local-2376-c1 position-relative\" data-colibri-id=\"2376-c1\">\n<div id=\"overlappable\" class=\"h-section h-section-global-spacing d-flex align-items-lg-center align-items-md-center align-items-center style-278 style-local-2376-c2 position-relative\" data-colibri-component=\"section\" data-colibri-id=\"2376-c2\">\n<div class=\"h-section-grid-container h-section-boxed-container\">\n<div class=\"h-row-container gutters-row-lg-2 gutters-row-md-0 gutters-row-2 gutters-row-v-lg-2 gutters-row-v-md-0 gutters-row-v-2 style-279 style-local-2376-c3 position-relative\" data-colibri-id=\"2376-c3\">\n<div class=\"h-row justify-content-lg-center justify-content-md-center justify-content-center align-items-lg-stretch align-items-md-stretch align-items-stretch gutters-col-lg-2 gutters-col-md-0 gutters-col-2 gutters-col-v-lg-2 gutters-col-v-md-0 gutters-col-v-2\">\n<div class=\"h-column h-column-container d-flex h-col-lg-12 h-col-md-12 h-col-12 style-280-outer style-local-2376-c4-outer\">\n<div class=\"d-flex h-flex-basis h-column__inner h-px-lg-2 h-px-md-3 h-px-2 v-inner-lg-0 v-inner-md-3 v-inner-2 style-280 style-local-2376-c4 position-relative\" data-colibri-id=\"2376-c4\">\n<div class=\"w-100 h-y-container h-column__content h-column__v-align flex-basis-100 align-self-lg-start align-self-md-start align-self-start\">\n<div class=\"h-global-transition-all h-heading style-282 style-local-2376-c6 position-relative h-element\" data-colibri-id=\"2376-c6\">\n<div class=\"h-heading__outer style-282 style-local-2376-c6\">\n<h1 style=\"text-align: center;\">LFC Trail revient le dimanche 14 juin 2026 !<\/h1>\n<p><span style=\"font-size: revert;\">En 2026, on remet \u00e7a !&nbsp;<\/span><\/p>\n<\/div>\n<\/div>\n<div class=\"h-text h-text-component style-283 style-local-2376-c7 position-relative h-element\" data-colibri-id=\"2376-c7\">\n<div class=\"\">\n<p>Toute la team de LFC Trail sera encore une fois au rendez-vous pour partager avec vous un moment sportif et convivial !<\/p>\n<p>&nbsp;<\/p>\n<h1 style=\"text-align: center;\"><span style=\"color: revert; font-size: 1.5rem;\">Dossard Adultes<\/span><\/h1>\n<\/div>\n<\/div>\n<\/div>\n<\/div>\n<\/div>\n<\/div>\n<\/div>\n<\/div>\n<\/div>\n<div id=\"dossard\" class=\"h-section h-section-global-spacing d-flex align-items-lg-center align-items-md-center align-items-center style-194 style-local-2376-c8 position-relative\" data-colibri-component=\"section\" data-colibri-id=\"2376-c8\">\n<div class=\"h-section-grid-container h-section-boxed-container\">\n<div class=\"h-row-container gutters-row-lg-2 gutters-row-md-2 gutters-row-0 gutters-row-v-lg-2 gutters-row-v-md-2 gutters-row-v-2 style-195 style-local-2376-c9 position-relative\" data-colibri-id=\"2376-c9\">\n<div class=\"h-row justify-content-lg-center justify-content-md-center justify-content-center align-items-lg-stretch align-items-md-stretch align-items-stretch gutters-col-lg-2 gutters-col-md-2 gutters-col-0 gutters-col-v-lg-2 gutters-col-v-md-2 gutters-col-v-2\">\n<div class=\"h-column h-column-container d-flex h-col-lg-auto h-col-md-auto h-col-auto style-196-outer style-local-2376-c10-outer\">\n<div class=\"d-flex h-flex-basis h-column__inner h-px-lg-2 h-px-md-2 h-px-2 v-inner-lg-2 v-inner-md-2 v-inner-2 style-196 style-local-2376-c10 position-relative\" data-colibri-id=\"2376-c10\">\n<div class=\"w-100 h-y-container h-column__content h-column__v-align flex-basis-100 align-self-lg-start align-self-md-start align-self-start\">\n<div class=\"h-global-transition-all h-heading style-199 style-local-2376-c11 position-relative h-element\" data-colibri-id=\"2376-c11\">\n<div class=\"h-heading__outer style-199 style-local-2376-c11\">\n<p><strong style=\"font-size: revert;\">Quand :<\/strong><span style=\"font-size: revert;\"> Infos \u00e0 venir<\/span><\/p>\n<\/div>\n<\/div>\n<\/div>\n<\/div>\n<\/div>\n<div class=\"h-column h-column-container d-flex h-col-lg-auto h-col-md-auto h-col-auto style-198-outer style-local-2376-c12-outer\">\n<div class=\"d-flex h-flex-basis h-column__inner h-px-lg-2 h-px-md-2 h-px-2 v-inner-lg-2 v-inner-md-2 v-inner-2 style-198 style-local-2376-c12 position-relative\" data-colibri-id=\"2376-c12\">\n<div class=\"w-100 h-y-container h-column__content h-column__v-align flex-basis-100 align-self-lg-start align-self-md-start align-self-start\">\n<div class=\"h-text h-text-component style-197 style-local-2376-c13 position-relative h-element\" data-colibri-id=\"2376-c13\">\n<div class=\"\">\n<p><strong>O\u00f9 :<\/strong> A l\u2019\u00e9cole de Cernay La Ville, 2 rue des Moulins, 78720 Cernay La Ville.<\/p>\n<p><strong>Les dossards seront \u00e0 retirer sur pr\u00e9sentation d\u2019une pi\u00e8ce d\u2019identit\u00e9 uniquement.<\/strong><\/p>\n<p>Toute personne r\u00e9troc\u00e9dant son dossard \u00e0 une tierce personne sera disqualifi\u00e9e<\/p>\n<h1 style=\"text-align: center;\"><span style=\"color: revert; font-size: 1.5rem;\">Le Jour J<\/span><\/h1>\n<\/div>\n<\/div>\n<\/div>\n<\/div>\n<\/div>\n<\/div>\n<\/div>\n<\/div>\n<\/div>\n<div id=\"programme\" class=\"h-section h-section-global-spacing d-flex align-items-lg-center align-items-md-center align-items-center style-203 style-local-2376-c14 position-relative\" data-colibri-component=\"section\" data-colibri-id=\"2376-c14\">\n<div class=\"h-section-grid-container h-section-boxed-container\">\n<div class=\"h-row-container gutters-row-lg-2 gutters-row-md-2 gutters-row-0 gutters-row-v-lg-2 gutters-row-v-md-2 gutters-row-v-2 style-204 style-local-2376-c15 position-relative\" data-colibri-id=\"2376-c15\">\n<div class=\"h-row justify-content-lg-center justify-content-md-center justify-content-center align-items-lg-stretch align-items-md-stretch align-items-stretch gutters-col-lg-2 gutters-col-md-2 gutters-col-0 gutters-col-v-lg-2 gutters-col-v-md-2 gutters-col-v-2\">\n<div class=\"h-column h-column-container d-flex h-col-lg-auto h-col-md-auto h-col-auto style-205-outer style-local-2376-c16-outer\">\n<div class=\"d-flex h-flex-basis h-column__inner h-px-lg-2 h-px-md-2 h-px-2 v-inner-lg-2 v-inner-md-2 v-inner-2 style-205 style-local-2376-c16 position-relative\" data-colibri-id=\"2376-c16\">\n<div class=\"w-100 h-y-container h-column__content h-column__v-align flex-basis-100 align-self-lg-start align-self-md-start align-self-start\">\n<div class=\"h-global-transition-all h-heading style-227 style-local-2376-c17 position-relative h-element\" data-colibri-id=\"2376-c17\">\n<div class=\"h-heading__outer style-227 style-local-2376-c17\">\n<p><strong style=\"font-size: revert;\">09h15 &gt;<\/strong><span style=\"font-size: revert;\"> Courses enfants<\/span><\/p>\n<p><strong style=\"font-size: revert;\">10h00 &gt;<\/strong><span style=\"font-size: revert;\"> D\u00e9part du Trail 20Kms Adulte<\/span><\/p>\n<p><strong style=\"font-size: revert;\">10h30 &gt;<\/strong><span style=\"font-size: revert;\"> D\u00e9part du Trail 10Kms Adulte<\/span><\/p>\n<p><strong style=\"font-size: revert;\">10h40 &gt;<\/strong><span style=\"font-size: revert;\"> Podium Course Enfants<\/span><\/p>\n<p><strong style=\"font-size: revert;\">11h30 &gt;<\/strong><span style=\"font-size: revert;\"> Arriv\u00e9e des 1ers coureurs du Trail 10Kms<\/span><\/p>\n<p><strong style=\"font-size: revert;\">12h00 &gt;<\/strong><span style=\"font-size: revert;\"> Arriv\u00e9e des 1ers coureurs du Trail 20Kms<\/span><\/p>\n<p><strong style=\"font-size: revert;\">12h30 &gt;<\/strong><span style=\"font-size: revert;\"> Podiums<\/span><\/p>\n<p><strong style=\"font-size: revert;\">13h00 &gt;<\/strong><span style=\"font-size: revert;\"> Barbecue<\/span><\/p>\n<p><span style=\"font-size: revert;\">Les horaires mentionn\u00e9s ci-dessus sont \u00e0 consid\u00e9rer \u00e0 titre indicatif<\/span><\/p>\n<\/div>\n<\/div>\n<\/div>\n<\/div>\n<\/div>\n<div class=\"h-column h-column-container d-flex h-col-lg-auto h-col-md-auto h-col-auto style-206-outer style-local-2376-c18-outer\">\n<div class=\"d-flex h-flex-basis h-column__inner h-px-lg-2 h-px-md-2 h-px-2 v-inner-lg-2 v-inner-md-2 v-inner-2 style-206 style-local-2376-c18 position-relative\" data-colibri-id=\"2376-c18\">\n<div class=\"w-100 h-y-container h-column__content h-column__v-align flex-basis-100 align-self-lg-start align-self-md-start align-self-start\">\n<div class=\"h-text h-text-component style-228 style-local-2376-c19 position-relative h-element\" data-colibri-id=\"2376-c19\">\n<div class=\"\">\n<h1 style=\"text-align: center;\"><span style=\"color: revert; font-size: 1.5rem;\">Ravito !<\/span><\/h1>\n<\/div>\n<\/div>\n<\/div>\n<\/div>\n<\/div>\n<\/div>\n<\/div>\n<\/div>\n<\/div>\n<div id=\"ravito\" class=\"h-section h-section-global-spacing d-flex align-items-lg-center align-items-md-center align-items-center style-211 style-local-2376-c24 position-relative\" data-colibri-component=\"section\" data-colibri-id=\"2376-c24\">\n<div class=\"h-section-grid-container h-section-boxed-container\">\n<div class=\"h-row-container gutters-row-lg-2 gutters-row-md-2 gutters-row-0 gutters-row-v-lg-2 gutters-row-v-md-2 gutters-row-v-2 style-212 style-local-2376-c25 position-relative\" data-colibri-id=\"2376-c25\">\n<div class=\"h-row justify-content-lg-center justify-content-md-center justify-content-center align-items-lg-stretch align-items-md-stretch align-items-stretch gutters-col-lg-2 gutters-col-md-2 gutters-col-0 gutters-col-v-lg-2 gutters-col-v-md-2 gutters-col-v-2\">\n<div class=\"h-column h-column-container d-flex h-col-lg-auto h-col-md-auto h-col-auto style-213-outer style-local-2376-c26-outer\">\n<div class=\"d-flex h-flex-basis h-column__inner h-px-lg-2 h-px-md-2 h-px-2 v-inner-lg-2 v-inner-md-2 v-inner-2 style-213 style-local-2376-c26 position-relative\" data-colibri-id=\"2376-c26\">\n<div class=\"w-100 h-y-container h-column__content h-column__v-align flex-basis-100 align-self-lg-start align-self-md-start align-self-start\">\n<div class=\"h-global-transition-all h-heading style-229 style-local-2376-c27 position-relative h-element\" data-colibri-id=\"2376-c27\">\n<div class=\"h-heading__outer style-229 style-local-2376-c27\">\n<p><strong style=\"font-size: revert;\">10Km :<\/strong><span style=\"font-size: revert;\"> 1 ravitaillement \u00e0 mi-course (Liquide : Eau, sodas, jus de fruits + Solide : Bananes, biscuits sal\u00e9s&#8230;) + ravitaillement d&#8217;apr\u00e8s course.<\/span><\/p>\n<\/div>\n<\/div>\n<\/div>\n<\/div>\n<\/div>\n<div class=\"h-column h-column-container d-flex h-col-lg-auto h-col-md-auto h-col-auto style-214-outer style-local-2376-c28-outer\">\n<div class=\"d-flex h-flex-basis h-column__inner h-px-lg-2 h-px-md-2 h-px-2 v-inner-lg-2 v-inner-md-2 v-inner-2 style-214 style-local-2376-c28 position-relative\" data-colibri-id=\"2376-c28\">\n<div class=\"w-100 h-y-container h-column__content h-column__v-align flex-basis-100 align-self-lg-start align-self-md-start align-self-start\">\n<div class=\"h-text h-text-component style-230 style-local-2376-c29 position-relative h-element\" data-colibri-id=\"2376-c29\">\n<div class=\"\">\n<p><strong>20Km :<\/strong> 2 ravitaillements sur le parcours (Liquide : Eau, sodas, jus de fruits + Solide : Bananes, biscuits sal\u00e9s&#8230;) + ravitaillement d&#8217;apr\u00e8s course.<\/p>\n<p>Et pour les plus gourmands, nous offrons les braises de notre BBQ pour partager un moment de convivialit\u00e9 apr\u00e8s la course.<\/p>\n<p><strong><u>\u00c9preuve \u00e9co-responsable, aucun gobelet ne sera mis \u00e0 votre disposition. Pr\u00e9voyez le v\u00f4tre !<\/u><\/strong><\/p>\n<h1 style=\"text-align: center;\"><span style=\"color: revert; font-size: 1.5rem;\">Le parcours<\/span><\/h1>\n<\/div>\n<\/div>\n<\/div>\n<\/div>\n<\/div>\n<\/div>\n<\/div>\n<\/div>\n<\/div>\n<div id=\"parcours\" class=\"h-section h-section-global-spacing d-flex align-items-lg-center align-items-md-center align-items-center style-219 style-local-2376-c34 position-relative\" data-colibri-component=\"section\" data-colibri-id=\"2376-c34\">\n<div class=\"h-section-grid-container h-section-boxed-container\">\n<div class=\"h-row-container gutters-row-lg-2 gutters-row-md-2 gutters-row-0 gutters-row-v-lg-2 gutters-row-v-md-2 gutters-row-v-2 style-220 style-local-2376-c35 position-relative\" data-colibri-id=\"2376-c35\">\n<div class=\"h-row justify-content-lg-center justify-content-md-center justify-content-center align-items-lg-stretch align-items-md-stretch align-items-stretch gutters-col-lg-2 gutters-col-md-2 gutters-col-0 gutters-col-v-lg-2 gutters-col-v-md-2 gutters-col-v-2\">\n<div class=\"h-column h-column-container d-flex h-col-lg-auto h-col-md-auto h-col-auto style-221-outer style-local-2376-c36-outer\">\n<div class=\"d-flex h-flex-basis h-column__inner h-px-lg-2 h-px-md-2 h-px-2 v-inner-lg-2 v-inner-md-2 v-inner-2 style-221 style-local-2376-c36 position-relative\" data-colibri-id=\"2376-c36\">\n<div class=\"w-100 h-y-container h-column__content h-column__v-align flex-basis-100 align-self-lg-start align-self-md-start align-self-start\">\n<div class=\"h-global-transition-all h-heading style-231 style-local-2376-c37 position-relative h-element\" data-colibri-id=\"2376-c37\">\n<div class=\"h-heading__outer style-231 style-local-2376-c37\">\n<p><a href=\"https:\/\/www.lesfouleescernaysiennes.fr\/?page_id=2299\"><span style=\"font-size: revert;\">Les parcours sont disponibles :&nbsp;<\/span>ICI !<\/a><\/p>\n<\/div>\n<\/div>\n<\/div>\n<\/div>\n<\/div>\n<\/div>\n<\/div>\n<\/div>\n<\/div>\n<\/div>\n","protected":false},"excerpt":{"rendered":"<p>LFC Trail revient le dimanche 14 juin 2026 ! En 2026, on remet \u00e7a !&nbsp; Toute la team de LFC Trail sera encore une fois au rendez-vous pour partager avec vous un moment sportif et convivial ! &nbsp; Dossard Adultes Quand : Infos \u00e0 venir O\u00f9 : A l\u2019\u00e9cole de Cernay La Ville, 2 rue &hellip; <\/p>\n<p class=\"link-more\"><a href=\"https:\/\/www.lesfouleescernaysiennes.fr\/?page_id=2376\" class=\"more-link\">Continuer la lecture<span class=\"screen-reader-text\"> de &laquo;&nbsp;Infos pratiques&nbsp;&raquo;<\/span><\/a><\/p>\n","protected":false},"author":5,"featured_media":0,"parent":0,"menu_order":0,"comment_status":"closed","ping_status":"closed","template":"","meta":{"_monsterinsights_skip_tracking":false,"_monsterinsights_sitenote_active":false,"_monsterinsights_sitenote_note":"","_monsterinsights_sitenote_category":0,"ngg_post_thumbnail":0,"footnotes":""},"class_list":["post-2376","page","type-page","status-publish","hentry"],"_links":{"self":[{"href":"https:\/\/www.lesfouleescernaysiennes.fr\/index.php?rest_route=\/wp\/v2\/pages\/2376","targetHints":{"allow":["GET"]}}],"collection":[{"href":"https:\/\/www.lesfouleescernaysiennes.fr\/index.php?rest_route=\/wp\/v2\/pages"}],"about":[{"href":"https:\/\/www.lesfouleescernaysiennes.fr\/index.php?rest_route=\/wp\/v2\/types\/page"}],"author":[{"embeddable":true,"href":"https:\/\/www.lesfouleescernaysiennes.fr\/index.php?rest_route=\/wp\/v2\/users\/5"}],"replies":[{"embeddable":true,"href":"https:\/\/www.lesfouleescernaysiennes.fr\/index.php?rest_route=%2Fwp%2Fv2%2Fcomments&post=2376"}],"version-history":[{"count":25,"href":"https:\/\/www.lesfouleescernaysiennes.fr\/index.php?rest_route=\/wp\/v2\/pages\/2376\/revisions"}],"predecessor-version":[{"id":3567,"href":"https:\/\/www.lesfouleescernaysiennes.fr\/index.php?rest_route=\/wp\/v2\/pages\/2376\/revisions\/3567"}],"wp:attachment":[{"href":"https:\/\/www.lesfouleescernaysiennes.fr\/index.php?rest_route=%2Fwp%2Fv2%2Fmedia&parent=2376"}],"curies":[{"name":"wp","href":"https:\/\/api.w.org\/{rel}","templated":true}]}}