{"id":2299,"date":"2017-04-05T20:20:24","date_gmt":"2017-04-05T19:20:24","guid":{"rendered":"http:\/\/www.lesfouleescernaysiennes.fr\/?page_id=2299"},"modified":"2026-02-07T15:34:46","modified_gmt":"2026-02-07T14:34:46","slug":"presentation-de-la-course","status":"publish","type":"page","link":"https:\/\/www.lesfouleescernaysiennes.fr\/?page_id=2299","title":{"rendered":"La course"},"content":{"rendered":"<p><span style=\"text-decoration: underline;\"><strong>Les Foul\u00e9es Cernaysiennes c&#8217;est 2 parcours rien que pour vous !<\/strong><\/span><\/p>\n<p>Pour votre plus grand plaisir, notre objectif est de pouvoir partager notre passion au plus grand nombre\u2026 avec un parcours court de 10Kms et un plus exigeant d\u2019une vingtaine de kms\u2026<\/p>\n<p>Alors comme chaque ann\u00e9e, venez d\u00e9couvrir nos chemins au c\u0153ur des Vaux de Cernay et partager un moment convivial autour du barbecue de fin de course.<\/p>\n<p>Nous invitons chaque coureur \u00e0 garder les sentiers dans un \u00e9tat irr\u00e9prochable pour que perdure une nature pr\u00e9serv\u00e9e proche de Paris.<\/p>\n<p>Nous esp\u00e9rons que vous aurez autant de plaisir \u00e0 courir que nous en avons \u00e0 vous pr\u00e9parer cette \u00e9dition magique des Foul\u00e9es Cernaysiennes.<\/p>\n<p>Les parcours :<\/p>\n<p><a href=\"https:\/\/tracedetrail.fr\/fr\/trace\/324536\" target=\"_blank\" rel=\"noopener\">\u2013 Le 10Km<\/a><\/p>\n<p><a href=\"https:\/\/tracedetrail.fr\/fr\/trace\/324537\" target=\"_blank\" rel=\"noopener\">\u2013 Le 20Km<\/a><\/p>\n<p>Bonne pr\u00e9paration !!!<\/p>\n\n\n<p><\/p>\n","protected":false},"excerpt":{"rendered":"<p>Les Foul\u00e9es Cernaysiennes c&#8217;est 2 parcours rien que pour vous ! Pour votre plus grand plaisir, notre objectif est de pouvoir partager notre passion au plus grand nombre\u2026 avec un parcours court de 10Kms et un plus exigeant d\u2019une vingtaine de kms\u2026 Alors comme chaque ann\u00e9e, venez d\u00e9couvrir nos chemins au c\u0153ur des Vaux de &hellip; <\/p>\n<p class=\"link-more\"><a href=\"https:\/\/www.lesfouleescernaysiennes.fr\/?page_id=2299\" class=\"more-link\">Continuer la lecture<span class=\"screen-reader-text\"> de &laquo;&nbsp;La course&nbsp;&raquo;<\/span><\/a><\/p>\n","protected":false},"author":5,"featured_media":0,"parent":0,"menu_order":0,"comment_status":"closed","ping_status":"closed","template":"","meta":{"_monsterinsights_skip_tracking":false,"_monsterinsights_sitenote_active":false,"_monsterinsights_sitenote_note":"","_monsterinsights_sitenote_category":0,"ngg_post_thumbnail":0,"footnotes":""},"class_list":["post-2299","page","type-page","status-publish","hentry"],"_links":{"self":[{"href":"https:\/\/www.lesfouleescernaysiennes.fr\/index.php?rest_route=\/wp\/v2\/pages\/2299","targetHints":{"allow":["GET"]}}],"collection":[{"href":"https:\/\/www.lesfouleescernaysiennes.fr\/index.php?rest_route=\/wp\/v2\/pages"}],"about":[{"href":"https:\/\/www.lesfouleescernaysiennes.fr\/index.php?rest_route=\/wp\/v2\/types\/page"}],"author":[{"embeddable":true,"href":"https:\/\/www.lesfouleescernaysiennes.fr\/index.php?rest_route=\/wp\/v2\/users\/5"}],"replies":[{"embeddable":true,"href":"https:\/\/www.lesfouleescernaysiennes.fr\/index.php?rest_route=%2Fwp%2Fv2%2Fcomments&post=2299"}],"version-history":[{"count":18,"href":"https:\/\/www.lesfouleescernaysiennes.fr\/index.php?rest_route=\/wp\/v2\/pages\/2299\/revisions"}],"predecessor-version":[{"id":3601,"href":"https:\/\/www.lesfouleescernaysiennes.fr\/index.php?rest_route=\/wp\/v2\/pages\/2299\/revisions\/3601"}],"wp:attachment":[{"href":"https:\/\/www.lesfouleescernaysiennes.fr\/index.php?rest_route=%2Fwp%2Fv2%2Fmedia&parent=2299"}],"curies":[{"name":"wp","href":"https:\/\/api.w.org\/{rel}","templated":true}]}}