{"id":1857,"date":"2015-03-18T23:55:29","date_gmt":"2015-03-18T22:55:29","guid":{"rendered":"http:\/\/www.FouleesCernaysiennes.fr\/?page_id=1857"},"modified":"2025-05-16T09:58:23","modified_gmt":"2025-05-16T08:58:23","slug":"partenaires","status":"publish","type":"page","link":"https:\/\/www.lesfouleescernaysiennes.fr\/?page_id=1857","title":{"rendered":"Partenaires"},"content":{"rendered":"<p>Nous sommes fiers de vous pr\u00e9senter l&#8217;ensemble de nos partenaires qui nous font confiance cette ann\u00e9e pour l&#8217;organisation des foul\u00e9es cernaysiennes.<\/p>\n<p><img loading=\"lazy\" decoding=\"async\" class=\"aligncenter wp-image-3533 size-full\" src=\"http:\/\/www.lesfouleescernaysiennes.fr\/wp-content\/uploads\/2025\/05\/Partenaires-LFC.png\" alt=\"\" width=\"2155\" height=\"638\" srcset=\"https:\/\/www.lesfouleescernaysiennes.fr\/wp-content\/uploads\/2025\/05\/Partenaires-LFC.png 2155w, https:\/\/www.lesfouleescernaysiennes.fr\/wp-content\/uploads\/2025\/05\/Partenaires-LFC-300x89.png 300w, https:\/\/www.lesfouleescernaysiennes.fr\/wp-content\/uploads\/2025\/05\/Partenaires-LFC-1024x303.png 1024w, https:\/\/www.lesfouleescernaysiennes.fr\/wp-content\/uploads\/2025\/05\/Partenaires-LFC-768x227.png 768w, https:\/\/www.lesfouleescernaysiennes.fr\/wp-content\/uploads\/2025\/05\/Partenaires-LFC-1536x455.png 1536w, https:\/\/www.lesfouleescernaysiennes.fr\/wp-content\/uploads\/2025\/05\/Partenaires-LFC-2048x606.png 2048w\" sizes=\"auto, (max-width: 706px) 89vw, (max-width: 767px) 82vw, 740px\" \/><\/p>\n","protected":false},"excerpt":{"rendered":"<p>Nous sommes fiers de vous pr\u00e9senter l&#8217;ensemble de nos partenaires qui nous font confiance cette ann\u00e9e pour l&#8217;organisation des foul\u00e9es cernaysiennes.<\/p>\n","protected":false},"author":1,"featured_media":0,"parent":0,"menu_order":2,"comment_status":"closed","ping_status":"open","template":"","meta":{"_monsterinsights_skip_tracking":false,"_monsterinsights_sitenote_active":false,"_monsterinsights_sitenote_note":"","_monsterinsights_sitenote_category":0,"ngg_post_thumbnail":0,"footnotes":""},"class_list":["post-1857","page","type-page","status-publish","hentry"],"_links":{"self":[{"href":"https:\/\/www.lesfouleescernaysiennes.fr\/index.php?rest_route=\/wp\/v2\/pages\/1857","targetHints":{"allow":["GET"]}}],"collection":[{"href":"https:\/\/www.lesfouleescernaysiennes.fr\/index.php?rest_route=\/wp\/v2\/pages"}],"about":[{"href":"https:\/\/www.lesfouleescernaysiennes.fr\/index.php?rest_route=\/wp\/v2\/types\/page"}],"author":[{"embeddable":true,"href":"https:\/\/www.lesfouleescernaysiennes.fr\/index.php?rest_route=\/wp\/v2\/users\/1"}],"replies":[{"embeddable":true,"href":"https:\/\/www.lesfouleescernaysiennes.fr\/index.php?rest_route=%2Fwp%2Fv2%2Fcomments&post=1857"}],"version-history":[{"count":22,"href":"https:\/\/www.lesfouleescernaysiennes.fr\/index.php?rest_route=\/wp\/v2\/pages\/1857\/revisions"}],"predecessor-version":[{"id":3535,"href":"https:\/\/www.lesfouleescernaysiennes.fr\/index.php?rest_route=\/wp\/v2\/pages\/1857\/revisions\/3535"}],"wp:attachment":[{"href":"https:\/\/www.lesfouleescernaysiennes.fr\/index.php?rest_route=%2Fwp%2Fv2%2Fmedia&parent=1857"}],"curies":[{"name":"wp","href":"https:\/\/api.w.org\/{rel}","templated":true}]}}